{"id":1038,"date":"2018-05-18T11:21:35","date_gmt":"2018-05-18T09:21:35","guid":{"rendered":"https:\/\/diwo-bad.de\/?page_id=1038"},"modified":"2022-12-30T02:46:34","modified_gmt":"2022-12-30T01:46:34","slug":"datenschutz","status":"publish","type":"page","link":"https:\/\/diwo-bad.de\/index.php\/datenschutz\/","title":{"rendered":"Datenschutz"},"content":{"rendered":"<h2 style=\"text-align: center;\"><strong>DATENSCHUTZ<\/strong><\/h2>\n<p>&nbsp;<\/p>\n<p>Die Nutzung unserer Webseite ist in der Regel ohne Angabe personenbezogener Daten m\u00f6glich. Soweit auf unseren Seiten personenbezogene Daten (beispielsweise Name, Anschrift oder eMail-Adressen) erhoben werden, erfolgt dies, soweit m\u00f6glich, stets auf freiwilliger Basis. Diese Daten werden ohne Ihre ausdr\u00fcckliche Zustimmung nicht an Dritte weitergegeben.<\/p>\n<p>Wir weisen darauf hin, dass die Daten\u00fcbertragung im Internet (z.B. bei der Kommunikation per E-Mail) Sicherheitsl\u00fccken aufweisen kann. Ein l\u00fcckenloser Schutz der Daten vor dem Zugriff durch Dritte ist nicht m\u00f6glich.<\/p>\n<p>Der Nutzung von im Rahmen der Impressumspflicht ver\u00f6ffentlichten Kontaktdaten durch Dritte zur \u00dcbersendung von nicht ausdr\u00fccklich angeforderter Werbung und Informationsmaterialien wird hiermit ausdr\u00fccklich widersprochen. Die Betreiber der Seiten behalten sich ausdr\u00fccklich rechtliche Schritte im Falle der unverlangten Zusendung von Werbeinformationen, etwa durch Spam-Mails, vor.<\/p>\n<p><strong>Kontaktformular<\/strong><\/p>\n<p>Das Kontaktformular, welches auf dieser Webseite zur Verf\u00fcgung gestellt wird, erm\u00f6glicht dem Besucher, eine Anfrage per E-Mail an info@diwo-bad.de bzw. die Firma Diwo Glas&amp;Bad zu stellen.<br \/>\nDie hierbei erfassten und gespeicherten Daten dienen ausschlie\u00dflich dem Zweck der hier angebotenen Leistungen und werden streng vertraulich behandelt. Eine Weitergabe an Dritte erfolgt nicht! Sie haben das Recht, jederzeit von uns Auskunft \u00fcber Ihre Daten zu verlangen. Ihr Recht auf Auskunft umfasst insbesondere die Information \u00fcber Ihre Daten, den Zweck und die Dauer der Speicherung.<\/p>\n<p>&nbsp;<\/p>\n<p><strong>Weitere Anmerkungen:<\/strong><br \/>\n<br \/>&nbsp;<br \/><b>Datenschutzerkl\u00e4rung Google Maps<\/b><br \/>\nDiese Webseite verwendet das Produkt Google Maps von Google Inc. Durch Nutzung dieser Webseite erkl\u00e4ren Sie sich mit der Erfassung, Bearbeitung sowie Nutzung der automatisiert erhobenen Daten durch Google Inc, deren Vertreter sowie Dritter einverstanden. Die Nutzungsbedingungen von Google Maps finden sie unter <a href=\"https:\/\/www.google.com\/intl\/de_de\/help\/terms_maps.html\" target=\"_blank\" rel=\"noopener noreferrer\"><span style=\"color:black\"><u>&#8222;Nutzungsbedingungen von Google Maps&#8220;<\/u><\/span><\/a>.<\/p>\n","protected":false},"excerpt":{"rendered":"<p>DATENSCHUTZ &nbsp; Die Nutzung unserer Webseite ist in der Regel ohne Angabe personenbezogener Daten m\u00f6glich. Soweit auf unseren Seiten personenbezogene Daten (beispielsweise Name, Anschrift oder eMail-Adressen) erhoben werden, erfolgt dies, soweit m\u00f6glich, stets auf freiwilliger Basis. Diese Daten werden ohne &hellip; <a href=\"https:\/\/diwo-bad.de\/index.php\/datenschutz\/\">Weiterlesen <span class=\"meta-nav\">&rarr;<\/span><\/a><\/p>\n","protected":false},"author":1,"featured_media":0,"parent":0,"menu_order":7,"comment_status":"closed","ping_status":"closed","template":"","meta":{"footnotes":""},"class_list":["post-1038","page","type-page","status-publish","hentry"],"yoast_head":"<!-- This site is optimized with the Yoast SEO plugin v26.8 - https:\/\/yoast.com\/product\/yoast-seo-wordpress\/ -->\n<title>Datenschutz -<\/title>\n<meta name=\"robots\" content=\"index, follow, max-snippet:-1, max-image-preview:large, max-video-preview:-1\" \/>\n<link rel=\"canonical\" href=\"https:\/\/diwo-bad.de\/index.php\/datenschutz\/\" \/>\n<meta property=\"og:locale\" content=\"de_DE\" \/>\n<meta property=\"og:type\" content=\"article\" \/>\n<meta property=\"og:title\" content=\"Datenschutz -\" \/>\n<meta property=\"og:description\" content=\"DATENSCHUTZ &nbsp; Die Nutzung unserer Webseite ist in der Regel ohne Angabe personenbezogener Daten m\u00f6glich. Soweit auf unseren Seiten personenbezogene Daten (beispielsweise Name, Anschrift oder eMail-Adressen) erhoben werden, erfolgt dies, soweit m\u00f6glich, stets auf freiwilliger Basis. Diese Daten werden ohne &hellip; Weiterlesen &rarr;\" \/>\n<meta property=\"og:url\" content=\"https:\/\/diwo-bad.de\/index.php\/datenschutz\/\" \/>\n<meta property=\"og:site_name\" content=\"Diwo Glas&amp;Bad\" \/>\n<meta property=\"article:publisher\" content=\"https:\/\/de-de.facebook.com\/diwobad\/\" \/>\n<meta property=\"article:modified_time\" content=\"2022-12-30T01:46:34+00:00\" \/>\n<meta name=\"twitter:card\" content=\"summary_large_image\" \/>\n<meta name=\"twitter:label1\" content=\"Gesch\u00e4tzte Lesezeit\" \/>\n\t<meta name=\"twitter:data1\" content=\"1\u00a0Minute\" \/>\n<script type=\"application\/ld+json\" class=\"yoast-schema-graph\">{\"@context\":\"https:\/\/schema.org\",\"@graph\":[{\"@type\":\"WebPage\",\"@id\":\"https:\/\/diwo-bad.de\/index.php\/datenschutz\/\",\"url\":\"https:\/\/diwo-bad.de\/index.php\/datenschutz\/\",\"name\":\"Datenschutz -\",\"isPartOf\":{\"@id\":\"https:\/\/diwo-bad.de\/#website\"},\"datePublished\":\"2018-05-18T09:21:35+00:00\",\"dateModified\":\"2022-12-30T01:46:34+00:00\",\"breadcrumb\":{\"@id\":\"https:\/\/diwo-bad.de\/index.php\/datenschutz\/#breadcrumb\"},\"inLanguage\":\"de\",\"potentialAction\":[{\"@type\":\"ReadAction\",\"target\":[\"https:\/\/diwo-bad.de\/index.php\/datenschutz\/\"]}]},{\"@type\":\"BreadcrumbList\",\"@id\":\"https:\/\/diwo-bad.de\/index.php\/datenschutz\/#breadcrumb\",\"itemListElement\":[{\"@type\":\"ListItem\",\"position\":1,\"name\":\"Startseite\",\"item\":\"https:\/\/diwo-bad.de\/\"},{\"@type\":\"ListItem\",\"position\":2,\"name\":\"Datenschutz\"}]},{\"@type\":\"WebSite\",\"@id\":\"https:\/\/diwo-bad.de\/#website\",\"url\":\"https:\/\/diwo-bad.de\/\",\"name\":\"Diwo Glas&Bad\",\"description\":\"mehr Bad erleben\",\"publisher\":{\"@id\":\"https:\/\/diwo-bad.de\/#organization\"},\"potentialAction\":[{\"@type\":\"SearchAction\",\"target\":{\"@type\":\"EntryPoint\",\"urlTemplate\":\"https:\/\/diwo-bad.de\/?s={search_term_string}\"},\"query-input\":{\"@type\":\"PropertyValueSpecification\",\"valueRequired\":true,\"valueName\":\"search_term_string\"}}],\"inLanguage\":\"de\"},{\"@type\":\"Organization\",\"@id\":\"https:\/\/diwo-bad.de\/#organization\",\"name\":\"Diwo Glas&Bad\",\"url\":\"https:\/\/diwo-bad.de\/\",\"logo\":{\"@type\":\"ImageObject\",\"inLanguage\":\"de\",\"@id\":\"https:\/\/diwo-bad.de\/#\/schema\/logo\/image\/\",\"url\":\"https:\/\/diwo-bad.de\/wp-content\/uploads\/2022\/12\/favicon.ico-1.png\",\"contentUrl\":\"https:\/\/diwo-bad.de\/wp-content\/uploads\/2022\/12\/favicon.ico-1.png\",\"width\":242,\"height\":209,\"caption\":\"Diwo Glas&Bad\"},\"image\":{\"@id\":\"https:\/\/diwo-bad.de\/#\/schema\/logo\/image\/\"},\"sameAs\":[\"https:\/\/de-de.facebook.com\/diwobad\/\"]}]}<\/script>\n<!-- \/ Yoast SEO plugin. -->","yoast_head_json":{"title":"Datenschutz -","robots":{"index":"index","follow":"follow","max-snippet":"max-snippet:-1","max-image-preview":"max-image-preview:large","max-video-preview":"max-video-preview:-1"},"canonical":"https:\/\/diwo-bad.de\/index.php\/datenschutz\/","og_locale":"de_DE","og_type":"article","og_title":"Datenschutz -","og_description":"DATENSCHUTZ &nbsp; Die Nutzung unserer Webseite ist in der Regel ohne Angabe personenbezogener Daten m\u00f6glich. Soweit auf unseren Seiten personenbezogene Daten (beispielsweise Name, Anschrift oder eMail-Adressen) erhoben werden, erfolgt dies, soweit m\u00f6glich, stets auf freiwilliger Basis. Diese Daten werden ohne &hellip; Weiterlesen &rarr;","og_url":"https:\/\/diwo-bad.de\/index.php\/datenschutz\/","og_site_name":"Diwo Glas&amp;Bad","article_publisher":"https:\/\/de-de.facebook.com\/diwobad\/","article_modified_time":"2022-12-30T01:46:34+00:00","twitter_card":"summary_large_image","twitter_misc":{"Gesch\u00e4tzte Lesezeit":"1\u00a0Minute"},"schema":{"@context":"https:\/\/schema.org","@graph":[{"@type":"WebPage","@id":"https:\/\/diwo-bad.de\/index.php\/datenschutz\/","url":"https:\/\/diwo-bad.de\/index.php\/datenschutz\/","name":"Datenschutz -","isPartOf":{"@id":"https:\/\/diwo-bad.de\/#website"},"datePublished":"2018-05-18T09:21:35+00:00","dateModified":"2022-12-30T01:46:34+00:00","breadcrumb":{"@id":"https:\/\/diwo-bad.de\/index.php\/datenschutz\/#breadcrumb"},"inLanguage":"de","potentialAction":[{"@type":"ReadAction","target":["https:\/\/diwo-bad.de\/index.php\/datenschutz\/"]}]},{"@type":"BreadcrumbList","@id":"https:\/\/diwo-bad.de\/index.php\/datenschutz\/#breadcrumb","itemListElement":[{"@type":"ListItem","position":1,"name":"Startseite","item":"https:\/\/diwo-bad.de\/"},{"@type":"ListItem","position":2,"name":"Datenschutz"}]},{"@type":"WebSite","@id":"https:\/\/diwo-bad.de\/#website","url":"https:\/\/diwo-bad.de\/","name":"Diwo Glas&Bad","description":"mehr Bad erleben","publisher":{"@id":"https:\/\/diwo-bad.de\/#organization"},"potentialAction":[{"@type":"SearchAction","target":{"@type":"EntryPoint","urlTemplate":"https:\/\/diwo-bad.de\/?s={search_term_string}"},"query-input":{"@type":"PropertyValueSpecification","valueRequired":true,"valueName":"search_term_string"}}],"inLanguage":"de"},{"@type":"Organization","@id":"https:\/\/diwo-bad.de\/#organization","name":"Diwo Glas&Bad","url":"https:\/\/diwo-bad.de\/","logo":{"@type":"ImageObject","inLanguage":"de","@id":"https:\/\/diwo-bad.de\/#\/schema\/logo\/image\/","url":"https:\/\/diwo-bad.de\/wp-content\/uploads\/2022\/12\/favicon.ico-1.png","contentUrl":"https:\/\/diwo-bad.de\/wp-content\/uploads\/2022\/12\/favicon.ico-1.png","width":242,"height":209,"caption":"Diwo Glas&Bad"},"image":{"@id":"https:\/\/diwo-bad.de\/#\/schema\/logo\/image\/"},"sameAs":["https:\/\/de-de.facebook.com\/diwobad\/"]}]}},"_links":{"self":[{"href":"https:\/\/diwo-bad.de\/index.php\/wp-json\/wp\/v2\/pages\/1038","targetHints":{"allow":["GET"]}}],"collection":[{"href":"https:\/\/diwo-bad.de\/index.php\/wp-json\/wp\/v2\/pages"}],"about":[{"href":"https:\/\/diwo-bad.de\/index.php\/wp-json\/wp\/v2\/types\/page"}],"author":[{"embeddable":true,"href":"https:\/\/diwo-bad.de\/index.php\/wp-json\/wp\/v2\/users\/1"}],"replies":[{"embeddable":true,"href":"https:\/\/diwo-bad.de\/index.php\/wp-json\/wp\/v2\/comments?post=1038"}],"version-history":[{"count":6,"href":"https:\/\/diwo-bad.de\/index.php\/wp-json\/wp\/v2\/pages\/1038\/revisions"}],"predecessor-version":[{"id":1225,"href":"https:\/\/diwo-bad.de\/index.php\/wp-json\/wp\/v2\/pages\/1038\/revisions\/1225"}],"wp:attachment":[{"href":"https:\/\/diwo-bad.de\/index.php\/wp-json\/wp\/v2\/media?parent=1038"}],"curies":[{"name":"wp","href":"https:\/\/api.w.org\/{rel}","templated":true}]}}