{"id":200,"date":"2014-04-04T11:32:47","date_gmt":"2014-04-04T09:32:47","guid":{"rendered":"http:\/\/diwo-bad.de\/?page_id=200"},"modified":"2026-01-21T14:29:14","modified_gmt":"2026-01-21T13:29:14","slug":"impressum","status":"publish","type":"page","link":"https:\/\/diwo-bad.de\/index.php\/impressum\/","title":{"rendered":"Impressum"},"content":{"rendered":"<section class=\"page-content impressum\">\n<h1>Impressum<\/h1>\n<h2>Angaben gem\u00e4\u00df \u00a7 5 TMG<\/h2>\n<p>\n    <strong>Diwo Glas&amp;Bad<\/strong><br \/>\n    Inhaber: Dieter Wohnhas<br \/>\n    Gabelweg 3<br \/>\n    88046 Friedrichshafen<br \/>\n    Telefon: 07541-9717374<br \/>\n    Fax: 07541-9717376<br \/>\n    E-Mail: <a href=\"mailto:info@diwo-bad.de\">info@diwo-bad.de<\/a>\n  <\/p>\n<h2>Verantwortlich f\u00fcr den Inhalt nach \u00a7 18 Abs. 2 MStV<\/h2>\n<p>\n    Dieter Wohnhas, Gabelweg 3, 88046 Friedrichshafen\n  <\/p>\n<h2>Haftung f\u00fcr Links<\/h2>\n<p>\n    Trotz sorgf\u00e4ltiger inhaltlicher Kontrolle \u00fcbernehmen wir keine Haftung f\u00fcr die Inhalte externer Links.<br \/>\n    F\u00fcr den Inhalt der verlinkten Seiten sind ausschlie\u00dflich deren Betreiber verantwortlich.\n  <\/p>\n<h2>Schutz personenbezogener Daten<\/h2>\n<p>\n    Die Firma Diwo Glas&amp;Bad nimmt den Schutz personenbezogener Daten sehr ernst.<br \/>\n    Wir m\u00f6chten, dass Sie wissen, wann wir welche Daten speichern und wie wir sie verwenden.\n  <\/p>\n<p>\n    Sie k\u00f6nnen unser Online-Angebot grunds\u00e4tzlich ohne Offenlegung Ihrer Identit\u00e4t nutzen.<br \/>\n    Wenn Sie Online-Formulare dieser Webseite nutzen, fragen wir Sie nach Ihrem Namen und nach anderen pers\u00f6nlichen Informationen.<br \/>\n    Es unterliegt Ihrer freien Entscheidung, ob Sie diese Daten eingeben.<br \/>\n    Ihre Angaben speichern wir auf besonders gesch\u00fctzten Servern in Deutschland.<br \/>\n    Der Zugriff darauf ist nur wenigen besonders befugten Personen m\u00f6glich, die mit der technischen, kaufm\u00e4nnischen Betreuung der Server befasst sind.\n  <\/p>\n<p>\n    In Verbindung mit Ihrem Zugriff werden Daten f\u00fcr Sicherungszwecke gespeichert, die m\u00f6glicherweise eine Identifizierung zulassen<br \/>\n    (zum Beispiel IP-Adresse, Datum, Uhrzeit und betrachtete Seiten).<br \/>\n    Es findet keine personenbezogene Verwertung statt. Die statistische Auswertung anonymisierter Datens\u00e4tze bleibt vorbehalten.\n  <\/p>\n<h2>Urheberrechtshinweis<\/h2>\n<p>\n    Alle Inhalte dieser Website einschlie\u00dflich der Gestaltung und Programmierung unterliegen dem Copyright 2015 der Firma Diwo Glas&amp;Bad<br \/>\n    und\/oder deren Lieferanten. Alle Rechte vorbehalten. Alle hier nicht ausdr\u00fccklich einger\u00e4umten Rechte bleiben vorbehalten.<br \/>\n    Alle Texte, Bilder, Graphiken, Ton-, Video- und Animationsdateien sowie ihre Arrangements unterliegen dem Urheberrecht und anderen Gesetzen<br \/>\n    zum Schutz geistigen Eigentums.\n  <\/p>\n<p>\n    Sie d\u00fcrfen weder f\u00fcr Handelszwecke oder zur Weitergabe kopiert, noch ver\u00e4ndert und auf anderen Internetseiten verwendet werden.<br \/>\n    Einige Internet-Seiten von www.diwo-bad.de enthalten auch Material, das dem Urheberrecht derjenigen unterliegt, die dieses zur Verf\u00fcgung gestellt haben.\n  <\/p>\n<\/section>\n","protected":false},"excerpt":{"rendered":"<p>Impressum Angaben gem\u00e4\u00df \u00a7 5 TMG Diwo Glas&amp;Bad Inhaber: Dieter Wohnhas Gabelweg 3 88046 Friedrichshafen Telefon: 07541-9717374 Fax: 07541-9717376 E-Mail: info@diwo-bad.de Verantwortlich f\u00fcr den Inhalt nach \u00a7 18 Abs. 2 MStV Dieter Wohnhas, Gabelweg 3, 88046 Friedrichshafen Haftung f\u00fcr Links &hellip; <a href=\"https:\/\/diwo-bad.de\/index.php\/impressum\/\">Weiterlesen <span class=\"meta-nav\">&rarr;<\/span><\/a><\/p>\n","protected":false},"author":1,"featured_media":0,"parent":0,"menu_order":4,"comment_status":"closed","ping_status":"open","template":"","meta":{"footnotes":""},"class_list":["post-200","page","type-page","status-publish","hentry"],"yoast_head":"<!-- This site is optimized with the Yoast SEO plugin v26.8 - https:\/\/yoast.com\/product\/yoast-seo-wordpress\/ -->\n<title>Impressum -<\/title>\n<meta name=\"robots\" content=\"index, follow, max-snippet:-1, max-image-preview:large, max-video-preview:-1\" \/>\n<link rel=\"canonical\" href=\"https:\/\/diwo-bad.de\/index.php\/impressum\/\" \/>\n<meta property=\"og:locale\" content=\"de_DE\" \/>\n<meta property=\"og:type\" content=\"article\" \/>\n<meta property=\"og:title\" content=\"Impressum -\" \/>\n<meta property=\"og:description\" content=\"Impressum Angaben gem\u00e4\u00df \u00a7 5 TMG Diwo Glas&amp;Bad Inhaber: Dieter Wohnhas Gabelweg 3 88046 Friedrichshafen Telefon: 07541-9717374 Fax: 07541-9717376 E-Mail: info@diwo-bad.de Verantwortlich f\u00fcr den Inhalt nach \u00a7 18 Abs. 2 MStV Dieter Wohnhas, Gabelweg 3, 88046 Friedrichshafen Haftung f\u00fcr Links &hellip; Weiterlesen &rarr;\" \/>\n<meta property=\"og:url\" content=\"https:\/\/diwo-bad.de\/index.php\/impressum\/\" \/>\n<meta property=\"og:site_name\" content=\"Diwo Glas&amp;Bad\" \/>\n<meta property=\"article:publisher\" content=\"https:\/\/de-de.facebook.com\/diwobad\/\" \/>\n<meta property=\"article:modified_time\" content=\"2026-01-21T13:29:14+00:00\" \/>\n<meta name=\"twitter:card\" content=\"summary_large_image\" \/>\n<meta name=\"twitter:label1\" content=\"Gesch\u00e4tzte Lesezeit\" \/>\n\t<meta name=\"twitter:data1\" content=\"2\u00a0Minuten\" \/>\n<script type=\"application\/ld+json\" class=\"yoast-schema-graph\">{\"@context\":\"https:\/\/schema.org\",\"@graph\":[{\"@type\":\"WebPage\",\"@id\":\"https:\/\/diwo-bad.de\/index.php\/impressum\/\",\"url\":\"https:\/\/diwo-bad.de\/index.php\/impressum\/\",\"name\":\"Impressum -\",\"isPartOf\":{\"@id\":\"https:\/\/diwo-bad.de\/#website\"},\"datePublished\":\"2014-04-04T09:32:47+00:00\",\"dateModified\":\"2026-01-21T13:29:14+00:00\",\"breadcrumb\":{\"@id\":\"https:\/\/diwo-bad.de\/index.php\/impressum\/#breadcrumb\"},\"inLanguage\":\"de\",\"potentialAction\":[{\"@type\":\"ReadAction\",\"target\":[\"https:\/\/diwo-bad.de\/index.php\/impressum\/\"]}]},{\"@type\":\"BreadcrumbList\",\"@id\":\"https:\/\/diwo-bad.de\/index.php\/impressum\/#breadcrumb\",\"itemListElement\":[{\"@type\":\"ListItem\",\"position\":1,\"name\":\"Startseite\",\"item\":\"https:\/\/diwo-bad.de\/\"},{\"@type\":\"ListItem\",\"position\":2,\"name\":\"Impressum\"}]},{\"@type\":\"WebSite\",\"@id\":\"https:\/\/diwo-bad.de\/#website\",\"url\":\"https:\/\/diwo-bad.de\/\",\"name\":\"Diwo Glas&Bad\",\"description\":\"mehr Bad erleben\",\"publisher\":{\"@id\":\"https:\/\/diwo-bad.de\/#organization\"},\"potentialAction\":[{\"@type\":\"SearchAction\",\"target\":{\"@type\":\"EntryPoint\",\"urlTemplate\":\"https:\/\/diwo-bad.de\/?s={search_term_string}\"},\"query-input\":{\"@type\":\"PropertyValueSpecification\",\"valueRequired\":true,\"valueName\":\"search_term_string\"}}],\"inLanguage\":\"de\"},{\"@type\":\"Organization\",\"@id\":\"https:\/\/diwo-bad.de\/#organization\",\"name\":\"Diwo Glas&Bad\",\"url\":\"https:\/\/diwo-bad.de\/\",\"logo\":{\"@type\":\"ImageObject\",\"inLanguage\":\"de\",\"@id\":\"https:\/\/diwo-bad.de\/#\/schema\/logo\/image\/\",\"url\":\"https:\/\/diwo-bad.de\/wp-content\/uploads\/2022\/12\/favicon.ico-1.png\",\"contentUrl\":\"https:\/\/diwo-bad.de\/wp-content\/uploads\/2022\/12\/favicon.ico-1.png\",\"width\":242,\"height\":209,\"caption\":\"Diwo Glas&Bad\"},\"image\":{\"@id\":\"https:\/\/diwo-bad.de\/#\/schema\/logo\/image\/\"},\"sameAs\":[\"https:\/\/de-de.facebook.com\/diwobad\/\"]}]}<\/script>\n<!-- \/ Yoast SEO plugin. -->","yoast_head_json":{"title":"Impressum -","robots":{"index":"index","follow":"follow","max-snippet":"max-snippet:-1","max-image-preview":"max-image-preview:large","max-video-preview":"max-video-preview:-1"},"canonical":"https:\/\/diwo-bad.de\/index.php\/impressum\/","og_locale":"de_DE","og_type":"article","og_title":"Impressum -","og_description":"Impressum Angaben gem\u00e4\u00df \u00a7 5 TMG Diwo Glas&amp;Bad Inhaber: Dieter Wohnhas Gabelweg 3 88046 Friedrichshafen Telefon: 07541-9717374 Fax: 07541-9717376 E-Mail: info@diwo-bad.de Verantwortlich f\u00fcr den Inhalt nach \u00a7 18 Abs. 2 MStV Dieter Wohnhas, Gabelweg 3, 88046 Friedrichshafen Haftung f\u00fcr Links &hellip; Weiterlesen &rarr;","og_url":"https:\/\/diwo-bad.de\/index.php\/impressum\/","og_site_name":"Diwo Glas&amp;Bad","article_publisher":"https:\/\/de-de.facebook.com\/diwobad\/","article_modified_time":"2026-01-21T13:29:14+00:00","twitter_card":"summary_large_image","twitter_misc":{"Gesch\u00e4tzte Lesezeit":"2\u00a0Minuten"},"schema":{"@context":"https:\/\/schema.org","@graph":[{"@type":"WebPage","@id":"https:\/\/diwo-bad.de\/index.php\/impressum\/","url":"https:\/\/diwo-bad.de\/index.php\/impressum\/","name":"Impressum -","isPartOf":{"@id":"https:\/\/diwo-bad.de\/#website"},"datePublished":"2014-04-04T09:32:47+00:00","dateModified":"2026-01-21T13:29:14+00:00","breadcrumb":{"@id":"https:\/\/diwo-bad.de\/index.php\/impressum\/#breadcrumb"},"inLanguage":"de","potentialAction":[{"@type":"ReadAction","target":["https:\/\/diwo-bad.de\/index.php\/impressum\/"]}]},{"@type":"BreadcrumbList","@id":"https:\/\/diwo-bad.de\/index.php\/impressum\/#breadcrumb","itemListElement":[{"@type":"ListItem","position":1,"name":"Startseite","item":"https:\/\/diwo-bad.de\/"},{"@type":"ListItem","position":2,"name":"Impressum"}]},{"@type":"WebSite","@id":"https:\/\/diwo-bad.de\/#website","url":"https:\/\/diwo-bad.de\/","name":"Diwo Glas&Bad","description":"mehr Bad erleben","publisher":{"@id":"https:\/\/diwo-bad.de\/#organization"},"potentialAction":[{"@type":"SearchAction","target":{"@type":"EntryPoint","urlTemplate":"https:\/\/diwo-bad.de\/?s={search_term_string}"},"query-input":{"@type":"PropertyValueSpecification","valueRequired":true,"valueName":"search_term_string"}}],"inLanguage":"de"},{"@type":"Organization","@id":"https:\/\/diwo-bad.de\/#organization","name":"Diwo Glas&Bad","url":"https:\/\/diwo-bad.de\/","logo":{"@type":"ImageObject","inLanguage":"de","@id":"https:\/\/diwo-bad.de\/#\/schema\/logo\/image\/","url":"https:\/\/diwo-bad.de\/wp-content\/uploads\/2022\/12\/favicon.ico-1.png","contentUrl":"https:\/\/diwo-bad.de\/wp-content\/uploads\/2022\/12\/favicon.ico-1.png","width":242,"height":209,"caption":"Diwo Glas&Bad"},"image":{"@id":"https:\/\/diwo-bad.de\/#\/schema\/logo\/image\/"},"sameAs":["https:\/\/de-de.facebook.com\/diwobad\/"]}]}},"_links":{"self":[{"href":"https:\/\/diwo-bad.de\/index.php\/wp-json\/wp\/v2\/pages\/200","targetHints":{"allow":["GET"]}}],"collection":[{"href":"https:\/\/diwo-bad.de\/index.php\/wp-json\/wp\/v2\/pages"}],"about":[{"href":"https:\/\/diwo-bad.de\/index.php\/wp-json\/wp\/v2\/types\/page"}],"author":[{"embeddable":true,"href":"https:\/\/diwo-bad.de\/index.php\/wp-json\/wp\/v2\/users\/1"}],"replies":[{"embeddable":true,"href":"https:\/\/diwo-bad.de\/index.php\/wp-json\/wp\/v2\/comments?post=200"}],"version-history":[{"count":3,"href":"https:\/\/diwo-bad.de\/index.php\/wp-json\/wp\/v2\/pages\/200\/revisions"}],"predecessor-version":[{"id":1330,"href":"https:\/\/diwo-bad.de\/index.php\/wp-json\/wp\/v2\/pages\/200\/revisions\/1330"}],"wp:attachment":[{"href":"https:\/\/diwo-bad.de\/index.php\/wp-json\/wp\/v2\/media?parent=200"}],"curies":[{"name":"wp","href":"https:\/\/api.w.org\/{rel}","templated":true}]}}